{"id":1075,"date":"2025-05-31T03:27:14","date_gmt":"2025-05-31T03:27:14","guid":{"rendered":"https:\/\/tickets.ilove8bit.fi\/?post_type=product&#038;p=1075"},"modified":"2025-06-11T04:35:54","modified_gmt":"2025-06-11T04:35:54","slug":"kasibittinen-absurdit-asiahuumorialbumit-perhepakkauksena","status":"publish","type":"product","link":"https:\/\/tickets.ilove8bit.fi\/index.php\/tuote\/kasibittinen-absurdit-asiahuumorialbumit-perhepakkauksena\/","title":{"rendered":"Huumorijulkaisu Kasibittinen (miniperhepakkaus)"},"content":{"rendered":"<p>Muistatko Suosikin tai <a href=\"https:\/\/www.pahkasika.net\/\" target=\"_blank\" rel=\"noopener\">Pahkasian<\/a>? Tai ehk\u00e4 Mikrobitti- ja Printti-lehden 1980-luvulta? <a href=\"https:\/\/kasibittinen.fi\/\" target=\"_blank\" rel=\"noopener\">Kasibittinen<\/a> on viihteellinen fanzine -tyyppinen makasiini, joka on tehty 1980-luvun suosikkilehtien hengess\u00e4.<\/p>\n","protected":false},"excerpt":{"rendered":"<p><a href=\"https:\/\/kasibittinen.fi\/\" target=\"_blank\" rel=\"noopener\">Kasibittinen<\/a> &#8211; t\u00e4t\u00e4 julkaisua ei pit\u00e4isi olla olemassa!<\/p>\n<p>Muistatko Suosikin tai <a href=\"https:\/\/www.pahkasika.net\/\" target=\"_blank\" rel=\"noopener\">Pahkasian<\/a>? Tai ehk\u00e4 Mikrobitti- ja Printti-lehden 1980-luvulta? Kasibittinen on viihteellinen fanzine -tyyppinen makasiini, joka on tehty 1980-luvun suosikkilehtien hengess\u00e4. Albumeissa kerrotaan on juttuja 8-bittisist\u00e4 tietokoneista, peleist\u00e4 sek\u00e4 j\u00e4rjestyist\u00e4 I love 8-bit\u00ae -n\u00e4yttelyist\u00e4. Mukana my\u00f6s ajankohtaista asiaa, kuten kolumneja ja kokeellisia laitejuttuja. Jokainen albumi on persoonallinen kokemus ja laadukkaasti tehty. Albumit saavat digitaaliset nettijulkaisut n\u00e4ytt\u00e4m\u00e4\u00e4n halvalta kokemukselta. Kasibittisiin albumeihin kirjoittavat juttuja niin tilaajat kuin I love 8-bit\u00ae -n\u00e4yttelyiden vieraat ja j\u00e4rjest\u00e4j\u00e4t. Albumeita kustannetaan I love 8-bit\u00ae -n\u00e4yttelytuotoilla ja lahjoituksilla. Kasibittiset albumit ilmestyv\u00e4t vain printtin\u00e4, joten verkossa emme tapaa. Juttuja Kasibittiseen kirjoittavat aina ihmiset teko\u00e4lyn sijasta. Kasibittisen juttuja voi lainata, mik\u00e4li muistaa merkit\u00e4 l\u00e4hteeksi albumin nimen, numeron ja juttuotsikon. Toimituksen s\u00e4hk\u00f6postiosoite: kasibittinen@ilove8bit.fi<\/p>\n<p><strong>Nyt k\u00e4tev\u00e4n\u00e4 mini-perhepakkauksena!<\/strong><\/p>\n<p>Nyt voit t\u00e4st\u00e4 hankkia kolme kappaletta Kasibittinen -printtialbumeita k\u00e4tev\u00e4n\u00e4 perhepakkauksena! Rouheita juttuja luvassa!<\/p>\n<p>&nbsp;<\/p>\n","protected":false},"featured_media":1079,"template":"","meta":{"_price":"17","_stock":"","_tribe_ticket_header":"","_tribe_default_ticket_provider":"","_tribe_ticket_capacity":"0","_ticket_start_date":"","_ticket_end_date":"","_tribe_ticket_show_description":"","_tribe_ticket_show_not_going":false,"_tribe_ticket_use_global_stock":"","_tribe_ticket_global_stock_level":"","_global_stock_mode":"","_global_stock_cap":"","_tribe_rsvp_for_event":"","_tribe_ticket_going_count":"","_tribe_ticket_not_going_count":"","_tribe_tickets_list":"[]","_tribe_ticket_has_attendee_info_fields":false},"product_cat":[20,19],"product_tag":[],"class_list":{"0":"post-1075","1":"product","2":"type-product","3":"status-publish","4":"has-post-thumbnail","6":"product_cat-albumit","7":"product_cat-oheistuotteet","8":"sales-flash-overlay","9":"woocommerce-text-align-center","10":"woocommerce-image-align-center","11":"do-quantity-buttons","12":"wc-has-gallery","14":"first","15":"instock","16":"taxable","17":"shipping-taxable","18":"purchasable","19":"product-type-simple"},"_links":{"self":[{"href":"https:\/\/tickets.ilove8bit.fi\/index.php\/wp-json\/wp\/v2\/product\/1075","targetHints":{"allow":["GET"]}}],"collection":[{"href":"https:\/\/tickets.ilove8bit.fi\/index.php\/wp-json\/wp\/v2\/product"}],"about":[{"href":"https:\/\/tickets.ilove8bit.fi\/index.php\/wp-json\/wp\/v2\/types\/product"}],"wp:featuredmedia":[{"embeddable":true,"href":"https:\/\/tickets.ilove8bit.fi\/index.php\/wp-json\/wp\/v2\/media\/1079"}],"wp:attachment":[{"href":"https:\/\/tickets.ilove8bit.fi\/index.php\/wp-json\/wp\/v2\/media?parent=1075"}],"wp:term":[{"taxonomy":"product_cat","embeddable":true,"href":"https:\/\/tickets.ilove8bit.fi\/index.php\/wp-json\/wp\/v2\/product_cat?post=1075"},{"taxonomy":"product_tag","embeddable":true,"href":"https:\/\/tickets.ilove8bit.fi\/index.php\/wp-json\/wp\/v2\/product_tag?post=1075"}],"curies":[{"name":"wp","href":"https:\/\/api.w.org\/{rel}","templated":true}]}}