{"id":1833,"date":"2025-11-09T22:52:37","date_gmt":"2025-11-09T22:52:37","guid":{"rendered":"https:\/\/tickets.ilove8bit.fi\/?post_type=product&#038;p=1833"},"modified":"2025-11-10T00:20:27","modified_gmt":"2025-11-10T00:20:27","slug":"kt001","status":"publish","type":"product","link":"https:\/\/tickets.ilove8bit.fi\/index.php\/tuote\/kt001\/","title":{"rendered":"COMPUTERS FOR MASSES (A2 JULISTE)"},"content":{"rendered":"<div class=\"elementor-element elementor-element-3a240f33 elementor-hidden-tablet elementor-widget elementor-widget-heading\" data-id=\"3a240f33\" data-element_type=\"widget\" data-widget_type=\"heading.default\">\n<div class=\"elementor-widget-container\">\n<h5 class=\"elementor-heading-title elementor-size-default\">KANNATUSTUOTTEILLA MUKAAN MUSEOTOIMINTAAN<\/h5>\n<\/div>\n<\/div>\n<div class=\"elementor-element elementor-element-4370aac2 elementor-widget elementor-widget-text-editor\" data-id=\"4370aac2\" data-element_type=\"widget\" data-widget_type=\"text-editor.default\">\n<div class=\"elementor-widget-container\">\n<p>Kallion tietokonemuseon toimintaa vuodelle 2026 voi tukea kannatustuotteilla. Samalla p\u00e4\u00e4see osallistumaan museotoimintaan ja harrastamaan kauan kadoksissa ollutta tietokonekulttuuria, sill\u00e4 kannatustuotteilla mahdollistetaan Kallion tietokonemuseon toiminta.<\/p>\n<\/div>\n<\/div>\n<div class=\"elementor-element elementor-element-1ead2fb elementor-hidden-tablet elementor-widget elementor-widget-heading\" data-id=\"1ead2fb\" data-element_type=\"widget\" data-widget_type=\"heading.default\">\n<div class=\"elementor-widget-container\">\n<h5 class=\"elementor-heading-title elementor-size-default\">COMPUTERS FOR MASSES &#8211; A2 SEIN\u00c4JULISTE<\/h5>\n<\/div>\n<\/div>\n<div class=\"elementor-element elementor-element-3f50c08 elementor-widget elementor-widget-text-editor\" data-id=\"3f50c08\" data-element_type=\"widget\" data-widget_type=\"text-editor.default\">\n<div class=\"elementor-widget-container\">\n<p>Sein\u00e4juliste edustaa aika tavalla sit\u00e4, mik\u00e4 on kadonnut. Se on tietokonekulttuuria ajalta, jolloin tietokoneet olivat harvojen herkkua ja vasta lupaus tulevaisuudesta. Lause \u201dComputers for masses\u201d oli legendaarisen Jack Tramielin filosofia tavoitellessaan kotimikromarkkinoiden herruutta Commodorella.<\/p>\n<p>Painoty\u00f6t\u00e4 lukuunottamatta, kannatustuote on <strong>sataprosenttisesti Kallion tietokonemuseon omaa tuotantoa<\/strong>.\u00a0 Muita ei ole olemassa kuin t\u00e4m\u00e4 versio, joka on museolla tuotettu. Kuvassa on Kallion tietokonemuseon Amiga 1000 -tietokone, joka on voitettu Printti-lehden ohjelmointikilpailun p\u00e4\u00e4palkintona vuonna 1986. Niin p\u00e4\u00e4palkintona ollut Amiga-yksil\u00f6 kuin voittava ohjelmakin on n\u00e4ht\u00e4v\u00e4n\u00e4 Kallion tietokonemuseolla. Julisteen takana Kallion tietokonemuseon leima, joka varmistaa alkuper\u00e4n.<\/p>\n<div class=\"elementor-element elementor-element-321c55b1 elementor-hidden-tablet elementor-widget elementor-widget-heading\" data-id=\"321c55b1\" data-element_type=\"widget\" data-widget_type=\"heading.default\">\n<h5 class=\"elementor-widget-container\">TILAUSAIKA 9.11.25-9.1.26<\/h5>\n<p><strong>Tilausaika p\u00e4\u00e4ttyy 9.1.26. Kannattaa toimia ajoissa, niin saat kappaleen tietokonehistoriaa kotiisi ja p\u00e4\u00e4set osallistumaan museotoimintaan sit\u00e4 tukemalla.<\/strong><\/p>\n<ul>\n<li>Mik\u00e4li osallistut Kallion tietokonemuseon tukemiseen kannatustuotteen tilaamalla, niin tilaathan sen 9.1.2026 menness\u00e4 jotta saat sen mahdollisimman pian. Toimitusaika on noin kolme viikkoa.<\/li>\n<li>Vuoden aikana julkaistaan todenn\u00e4k\u00f6isesti toinen kampanja, mik\u00e4li kysynt\u00e4\u00e4 ilmaantuu riitt\u00e4v\u00e4sti.<\/li>\n<\/ul>\n<\/div>\n<\/div>\n<\/div>\n","protected":false},"excerpt":{"rendered":"<div class=\"elementor-element elementor-element-321c55b1 elementor-hidden-tablet elementor-widget elementor-widget-heading\" data-id=\"321c55b1\" data-element_type=\"widget\" data-widget_type=\"heading.default\">\n<div class=\"elementor-widget-container\">\n<h5 class=\"elementor-heading-title elementor-size-default\">TAUSTAA<\/h5>\n<\/div>\n<\/div>\n<div class=\"elementor-element elementor-element-0f47b54 elementor-widget elementor-widget-text-editor\" data-id=\"0f47b54\" data-element_type=\"widget\" data-widget_type=\"text-editor.default\">\n<div class=\"elementor-widget-container\">\n<p>Kallion tietokonemuseo on inspiroitunut tietokonekulttuurista, sen edist\u00e4misest\u00e4 ja s\u00e4ilytt\u00e4misest\u00e4 tulevaisuuteen. Museo on saanut alkunsa innostuksesta tietty\u00e4 aikakautta kohtaan, ep\u00e4tarkasti ilmaistuna 1970-luvun lopun tietokonekulttuurista jonnekin 1990-luvun puoleen v\u00e4liin ennen Internetin yleistymist\u00e4 ja PC-aikakautta. T\u00e4n\u00e4 aikana tapahtui paljon sellaisia asioita, jotka olivat mielenkiintoisia ja mukavia, jotka sittemmin katosivat historian h\u00e4m\u00e4r\u00e4\u00e4n.\u00a0 Vai katosivatko kuitenkaan lopullisesti? Ei, mik\u00e4li se riippuu Kallion tietokonemuseosta. Museon n\u00e4k\u00f6kulmasta katsottuna tietokoneiden klassikot, kuten commodoret ja atarit monien muiden ohella, olivat vain v\u00e4h\u00e4n aikaa poissa n\u00e4kyvilt\u00e4. Kallion tietokonemuseo tuo n\u00e4m\u00e4 hetken poissa olleet laitteet takaisin kaikkien k\u00e4ytt\u00f6\u00f6n ja niihin liittyv\u00e4t harrastusmahdollisuudet takaisin. Meist\u00e4 on ihan luonnollista, ett\u00e4 joku haluaa kirjoittaa ohjelmia vuoden 1984 Oric Atmoksella tai Sinclair Spectrumilla n\u00e4in esimerkiksi. Peleist\u00e4 puhumattakaan.<\/p>\n<h5>Kustannukset<\/h5>\n<p>Kannatustuote A2 posterin kustannus riippuu toimituksesta. Ilman postikuluja museolta noudettuna kannatustuote on 22\u20ac. Postin S-paketti kotimaahan toimitettuna 29,90\u20ac. Ulkomaan rahtina 39,90\u20ac<\/p>\n<\/div>\n<\/div>\n","protected":false},"featured_media":1837,"template":"","meta":{"_price":"22.00","_stock":"","_tribe_ticket_header":"","_tribe_default_ticket_provider":"","_tribe_ticket_capacity":"25","_ticket_start_date":"","_ticket_end_date":"","_tribe_ticket_show_description":"","_tribe_ticket_show_not_going":false,"_tribe_ticket_use_global_stock":"","_tribe_ticket_global_stock_level":"","_global_stock_mode":"","_global_stock_cap":"","_tribe_rsvp_for_event":"","_tribe_ticket_going_count":"","_tribe_ticket_not_going_count":"","_tribe_tickets_list":"[]","_tribe_ticket_has_attendee_info_fields":false},"product_cat":[28],"product_tag":[],"class_list":{"0":"post-1833","1":"product","2":"type-product","3":"status-publish","4":"has-post-thumbnail","6":"product_cat-kannatustuotteet","7":"sales-flash-overlay","8":"woocommerce-text-align-center","9":"woocommerce-image-align-center","10":"do-quantity-buttons","12":"first","13":"instock","14":"taxable","15":"shipping-taxable","16":"purchasable","17":"product-type-variable"},"_links":{"self":[{"href":"https:\/\/tickets.ilove8bit.fi\/index.php\/wp-json\/wp\/v2\/product\/1833","targetHints":{"allow":["GET"]}}],"collection":[{"href":"https:\/\/tickets.ilove8bit.fi\/index.php\/wp-json\/wp\/v2\/product"}],"about":[{"href":"https:\/\/tickets.ilove8bit.fi\/index.php\/wp-json\/wp\/v2\/types\/product"}],"wp:featuredmedia":[{"embeddable":true,"href":"https:\/\/tickets.ilove8bit.fi\/index.php\/wp-json\/wp\/v2\/media\/1837"}],"wp:attachment":[{"href":"https:\/\/tickets.ilove8bit.fi\/index.php\/wp-json\/wp\/v2\/media?parent=1833"}],"wp:term":[{"taxonomy":"product_cat","embeddable":true,"href":"https:\/\/tickets.ilove8bit.fi\/index.php\/wp-json\/wp\/v2\/product_cat?post=1833"},{"taxonomy":"product_tag","embeddable":true,"href":"https:\/\/tickets.ilove8bit.fi\/index.php\/wp-json\/wp\/v2\/product_tag?post=1833"}],"curies":[{"name":"wp","href":"https:\/\/api.w.org\/{rel}","templated":true}]}}