{"id":1921,"date":"2025-11-30T20:12:21","date_gmt":"2025-11-30T20:12:21","guid":{"rendered":"https:\/\/tickets.ilove8bit.fi\/?post_type=product&#038;p=1921"},"modified":"2025-12-01T19:12:19","modified_gmt":"2025-12-01T19:12:19","slug":"e-passi-harrastajalippu-kallion-tietokonemuseolle","status":"publish","type":"product","link":"https:\/\/tickets.ilove8bit.fi\/index.php\/tuote\/e-passi-harrastajalippu-kallion-tietokonemuseolle\/","title":{"rendered":"E-passi: Harrastajalippu Kallion tietokonemuseolle"},"content":{"rendered":"<h3 style=\"text-align: center;\">Palvelukuvaus<\/h3>\n<p style=\"text-align: center;\"><strong>Pelaa, kokeile ja tutki. Luo musiikkia ja kirjoita ohjelmia.<\/strong><br \/>\n<strong>Jatka seuraavalla kerralla siit\u00e4 mihin j\u00e4it.<\/strong><br \/>\n<strong>Kallion tietokonemuseossa tietokonekulttuuri tekee paluun 2020-luvulle!<\/strong><\/p>\n<p style=\"text-align: center;\">Tervetuloa nauttimaan historiasta ja nykyhetkest\u00e4 Kallion tietokonemuseoon harrastajalipulla. Kallion tietokonemuseolla tekniikka, kulttuuri ja hauskanpito kohtaavat!<\/p>\n<p style=\"text-align: center;\"><img loading=\"lazy\" decoding=\"async\" class=\"alignnone wp-image-1922\" src=\"https:\/\/tickets.ilove8bit.fi\/wp-content\/uploads\/2025\/11\/epassi-logo-tyky-1-1170x1170-1-300x300.png\" alt=\"\" width=\"191\" height=\"191\" srcset=\"https:\/\/tickets.ilove8bit.fi\/wp-content\/uploads\/2025\/11\/epassi-logo-tyky-1-1170x1170-1-300x300.png 300w, https:\/\/tickets.ilove8bit.fi\/wp-content\/uploads\/2025\/11\/epassi-logo-tyky-1-1170x1170-1-1024x1024.png 1024w, https:\/\/tickets.ilove8bit.fi\/wp-content\/uploads\/2025\/11\/epassi-logo-tyky-1-1170x1170-1-150x150.png 150w, https:\/\/tickets.ilove8bit.fi\/wp-content\/uploads\/2025\/11\/epassi-logo-tyky-1-1170x1170-1-768x768.png 768w, https:\/\/tickets.ilove8bit.fi\/wp-content\/uploads\/2025\/11\/epassi-logo-tyky-1-1170x1170-1-600x600.png 600w, https:\/\/tickets.ilove8bit.fi\/wp-content\/uploads\/2025\/11\/epassi-logo-tyky-1-1170x1170-1-100x100.png 100w, https:\/\/tickets.ilove8bit.fi\/wp-content\/uploads\/2025\/11\/epassi-logo-tyky-1-1170x1170-1.png 1170w\" sizes=\"auto, (max-width: 191px) 100vw, 191px\" \/><\/p>\n<p style=\"text-align: center;\"><strong>Uusi harrastus Epassilla: Tietokonekulttuuri<\/strong><\/p>\n<hr \/>\n<p style=\"text-align: center;\">Kallion tietokonemuseon harrastuslipulla p\u00e4\u00e4see museolle kaikkina yleisin\u00e4 sen aukioloaikoina.<br \/>\nHarrastajalipulla voi viett\u00e4\u00e4 museolla aikaa sen yleis\u00f6n\u00e4yttelyiden puitteissa.<br \/>\nKallion tietokonemuseo j\u00e4rjest\u00e4\u00e4 minimiss\u00e4\u00e4n 40 yleis\u00f6n\u00e4yttely\u00e4 vuonna 2026, jolloin harrastuslippua voi k\u00e4ytt\u00e4\u00e4.<br \/>\nMuseon aukioloajat ilmoitetaan edelt\u00e4v\u00e4n kalenterikuukauden aikana. Voit my\u00f6s itse esitt\u00e4\u00e4 toiveita aukioloista esimerkiksi isompaa ryhm\u00e4\u00e4 varten.<br \/>\nHarrastuslipun voi hankkia joko museolta, laskulla tai verkkokaupasta.<br \/>\nSen voi hankkia itselle tai lahjaksi. Harrastuslippu on henkil\u00f6kohtainen.<br \/>\nP\u00e4\u00e4sylippu on voimassa sille merkityn m\u00e4\u00e4r\u00e4ajan.<br \/>\nHarrastuslippu astuu voimaan heti tilauksesta.<\/p>\n<p style=\"text-align: center;\">Kustannukset<\/p>\n<p style=\"text-align: center;\">Yksi harrastuslippu kustantaa 99\u20ac ja se sis\u00e4lt\u00e4\u00e4 25 k\u00e4yntikertaa museolle.<br \/>\nMik\u00e4li k\u00e4ytt\u00e4\u00e4 kaikki k\u00e4ynnit harrastuslipun voimassaolon aikana, niin silloin yhden k\u00e4yntikerran hinta on 3,96\u20ac.<\/p>\n","protected":false},"excerpt":{"rendered":"<h1 style=\"text-align: center;\">Kallion tietokonemuseon harrastajalippu E-passilla<\/h1>\n<p><img loading=\"lazy\" decoding=\"async\" class=\"size-medium wp-image-1037 aligncenter\" src=\"https:\/\/tickets.ilove8bit.fi\/wp-content\/uploads\/2025\/05\/Kuvakaappaus2025-05-31-00-33-40.resized-300x169.png\" alt=\"\" width=\"300\" height=\"169\" \/><\/p>\n<p align=\"center\">Kallion tietokonemuseo ei ole vain museo, vaan se on paikka, jossa voit nykyaikana p\u00e4\u00e4st\u00e4 osaksi mielenkiintoista harrastustoimintaa museolla. Kokeile legendaarisia tietokoneita 1970- ja 1980-luvulta, opettele koodaamaan niill\u00e4 yksin tai porukassa. Kallion tietokonemuseo tarjoaa ainutlaatuisen tilaisuuden p\u00e4\u00e4st\u00e4 osaksi kotimikrojen kulttuuria ja elvytt\u00e4\u00e4 yhdess\u00e4 aikakauden teknologiaa. Olitpa sitten koodauksen, pelaamisen tai pelk\u00e4n historian yst\u00e4v\u00e4, Kallion tietokonemuseo tarjoaa sinulle paikan ajanviettoon, jossa voit viihty\u00e4 ja kehitt\u00e4\u00e4 omaa osaamistasi samalla, kun tapaat samanhenkisi\u00e4 ihmisi\u00e4. Kallion tietokonemuseolla on mahtavat m\u00e4\u00e4r\u00e4t legendaarisia tietokoneita esill\u00e4 k\u00e4ytt\u00f6\u00e4 varten. Niill\u00e4 voi pelata, musisoida, ohjelmoida samalla, kun p\u00e4\u00e4see osaksi 1980-luvun tietokonekulttuuriin. Sinua opastetaan alkuun ja p\u00e4\u00e4set jatkamaan seuraavalla k\u00e4ynnill\u00e4 mahdollista uutta harrastustasi!<\/p>\n<p align=\"center\">Kallion tietokonemuseolla harrastustoiminnan p\u00e4\u00e4see aloittamaan tilaamalla harrastajalipun joko museolta tai verkkokaupasta. Lippu kustantaa 99\u20ac ja se on voimassa 25 k\u00e4yntikertaa museon yleis\u00f6tilaisuuksissa 31.12.2026 saakka. Vuonna 2026 museo j\u00e4rjest\u00e4\u00e4 v\u00e4hint\u00e4\u00e4n 40 yleis\u00f6tilaisuutta, joten ehdit hyvin k\u00e4ytt\u00e4m\u00e4\u00e4n harrastuslipun t\u00e4n\u00e4 aikana. Mik\u00e4li k\u00e4yt\u00e4t kaikki kerrat, silloin harrastuksen kustannus on vain 3,96\u20ac \/ k\u00e4yntikerta. Harrastuslippu on henkil\u00f6kohtainen ja se leimataan museolle saapuessasi. Commodoren, Atarin, Spectrumin, Amigan, Amstradin ja monen muun kadonneeksi luullun tietokoneiden harrastaminen on j\u00e4lleen mahdollista kuten 1980-luvullakin. Sen mahdollistaa Kallion tietokonemuseon harrastajalippu ja se sopii niin uusia kokemuksia hakeville lapsille tai nostalgian\u00e4lk\u00e4isille aikuisille. Suositusik\u00e4raja on 9 vuotta tai sit\u00e4 vanhempi.<\/p>\n<p align=\"center\">Kallion alueen kulttuuriel\u00e4m\u00e4 on elinvoimainen, ja museo tuo siihen oman modernin s\u00e4v\u00e4yksens\u00e4 retrohenkisell\u00e4 otteellaan. Sin\u00e4kin p\u00e4\u00e4set helposti mukaan harrastamaan kulttuuria Kallion tietokonemuseolla. Erityistaitoja ei vaadita aloittamiseen.<\/p>\n<p>&nbsp;<\/p>\n","protected":false},"featured_media":1922,"template":"","meta":{"_price":"99","_stock":"","_tribe_ticket_header":"","_tribe_default_ticket_provider":"","_tribe_ticket_capacity":"0","_ticket_start_date":"","_ticket_end_date":"","_tribe_ticket_show_description":"","_tribe_ticket_show_not_going":false,"_tribe_ticket_use_global_stock":"","_tribe_ticket_global_stock_level":"","_global_stock_mode":"","_global_stock_cap":"","_tribe_rsvp_for_event":"","_tribe_ticket_going_count":"","_tribe_ticket_not_going_count":"","_tribe_tickets_list":"[]","_tribe_ticket_has_attendee_info_fields":false},"product_cat":[30],"product_tag":[],"class_list":{"0":"post-1921","1":"product","2":"type-product","3":"status-publish","4":"has-post-thumbnail","6":"product_cat-epassi","7":"sales-flash-overlay","8":"woocommerce-text-align-center","9":"woocommerce-image-align-center","10":"do-quantity-buttons","12":"first","13":"instock","14":"virtual","15":"taxable","16":"purchasable","17":"product-type-simple"},"_links":{"self":[{"href":"https:\/\/tickets.ilove8bit.fi\/index.php\/wp-json\/wp\/v2\/product\/1921","targetHints":{"allow":["GET"]}}],"collection":[{"href":"https:\/\/tickets.ilove8bit.fi\/index.php\/wp-json\/wp\/v2\/product"}],"about":[{"href":"https:\/\/tickets.ilove8bit.fi\/index.php\/wp-json\/wp\/v2\/types\/product"}],"wp:featuredmedia":[{"embeddable":true,"href":"https:\/\/tickets.ilove8bit.fi\/index.php\/wp-json\/wp\/v2\/media\/1922"}],"wp:attachment":[{"href":"https:\/\/tickets.ilove8bit.fi\/index.php\/wp-json\/wp\/v2\/media?parent=1921"}],"wp:term":[{"taxonomy":"product_cat","embeddable":true,"href":"https:\/\/tickets.ilove8bit.fi\/index.php\/wp-json\/wp\/v2\/product_cat?post=1921"},{"taxonomy":"product_tag","embeddable":true,"href":"https:\/\/tickets.ilove8bit.fi\/index.php\/wp-json\/wp\/v2\/product_tag?post=1921"}],"curies":[{"name":"wp","href":"https:\/\/api.w.org\/{rel}","templated":true}]}}