{"id":934,"date":"2025-06-06T10:52:18","date_gmt":"2025-06-06T10:52:18","guid":{"rendered":"https:\/\/tickets.ilove8bit.fi\/?post_type=product&#038;p=934"},"modified":"2026-02-25T09:05:01","modified_gmt":"2026-02-25T09:05:01","slug":"saku-albumi-nro-51","status":"publish","type":"product","link":"https:\/\/tickets.ilove8bit.fi\/index.php\/tuote\/saku-albumi-nro-51\/","title":{"rendered":"SAKU-albumi n:ro 51 &#8211; Tietokonelehti parhaasta p\u00e4\u00e4st\u00e4!"},"content":{"rendered":"<h5><strong>Saku &#8211; Uuden ajan tietokonelehti<\/strong><\/h5>\n<p>Legendaaristen aikojen kulttuurikokemukset tekev\u00e4t uutta tuloa nykyaikaan!\u00a0 SAKU-albumit tuovat viihdett\u00e4 kulttuurikokemuksena, jonka haluaa omistaa ja s\u00e4ilytt\u00e4\u00e4. Ja mik\u00e4 parasta, SAKU-albumeihin voi tutustua verkossa ennen niiden hankkimista. Voit ladata SAKU-albumin pdf-kopion t\u00e4st\u00e4 <a href=\"https:\/\/sakulehti.fi\/Saku51.pdf\">linkist\u00e4<\/a>. Ei siis tarvitse olla n\u00f6rtti tai kovan luokan ATK-asiantuntija viihty\u00e4kseen albumien parissa! Albumi n:ro 51 on mahtava j\u00f6\u00f6ti! Ihan heti ei lopu lukemiset, sill\u00e4 per\u00e4ti 176 sivua asiaa on painettu Saku -tietokonelehteen ja jokainen albumi on pieteetill\u00e4 tehty painotuote. Albumeiden ideana on tarjota miellytt\u00e4v\u00e4 lukukokemus. Albumin haluaa omistaa ja s\u00e4ilytt\u00e4\u00e4, sill\u00e4 pieni painosm\u00e4\u00e4r\u00e4 tarkoittaa, ett\u00e4 jokainen albumi on laadukkaasti tehty kuin pieni taideteos. T\u00e4m\u00e4n j\u00e4lkeen digitaaliset julkaisut tuntuvat halvalta kokemukselta Saku-albumeiden muhkeaan kokemukseen verrattuna!<\/p>\n<h5><strong>Saku &#8211; It&#8217;s the new wave computer magazine!<\/strong><\/h5>\n<p>You don&#8217;t have to be a nerd or a hardcore IT expert to enjoy the albums! You won&#8217;t finish reading it right away, as there are 176 pages of content printed in Saku computer magazine, and each album is a carefully crafted printed product. The same articles can, of course, be read free of charge in a PDF file that can be downloaded <a href=\"https:\/\/sakulehti.fi\/Saku51.pdf\" target=\"_blank\" rel=\"noopener\">here<\/a>. The idea behind the Saku albums is to offer a pleasant reading experience that you want to own and keep. The small print run means that each album is a high-quality piece of art, imbued with a sense of emotion and passion that cannot be conveyed online. After this, digital publications feel like a cheap experience compared to the rich experience of Saku albums! Even the issue is printed in Finnish, it is worth get own copy.<\/p>\n<p>&nbsp;<\/p>\n<p>&nbsp;<\/p>\n","protected":false},"excerpt":{"rendered":"<h5><strong>Mik\u00e4 on Saku?<\/strong><\/h5>\n<p>Saku on uuden ajan tietokonelehti, joka k\u00e4sittelee tietokonekulttuuria viihteellisesti mutta asiallisesti. Tietokonekulttuuriin erikoistuneet\u00a0 Albumit tuovat viihdett\u00e4 sellaisena kulttuurikokemuksena, jonka haluaa omistaa ja s\u00e4ilytt\u00e4\u00e4. Ja mik\u00e4 parasta, SAKU-albumeita voi ladata maksutta ennen niiden hankkimista. Voit ladata Saku-albumin 51 pdf-kopion t\u00e4st\u00e4 <a href=\"https:\/\/sakulehti.fi\/Saku51.pdf\">linkist\u00e4.<\/a><\/p>\n<h4><strong>What is Saku?<\/strong><\/h4>\n<p>Saku is a new wave Finnish computer magazine that covers vintage computer culture in an entertaining but factual way. Specializing in computer culture, the albums provide entertainment as a cultural experience that you will want to own and keep. Please select the correct distribution option before payment. There are three options:<\/p>\n<ol>\n<li>Collect from the Computer Museum of Kallio (11,11\u20ac)<\/li>\n<li>Distribution by mail in Finland (17,17\u20ac)<\/li>\n<li>Distribution by mail to EU or EEC state (27,27\u20ac)<\/li>\n<\/ol>\n<p>Happy readings!<\/p>\n","protected":false},"featured_media":935,"template":"","meta":{"_price":"17.17","_stock":"","_tribe_ticket_header":"","_tribe_default_ticket_provider":"","_tribe_ticket_capacity":"25","_ticket_start_date":"","_ticket_end_date":"","_tribe_ticket_show_description":"","_tribe_ticket_show_not_going":false,"_tribe_ticket_use_global_stock":"","_tribe_ticket_global_stock_level":"","_global_stock_mode":"","_global_stock_cap":"","_tribe_rsvp_for_event":"","_tribe_ticket_going_count":"","_tribe_ticket_not_going_count":"","_tribe_tickets_list":"[]","_tribe_ticket_has_attendee_info_fields":false},"product_cat":[20,19],"product_tag":[],"class_list":{"0":"post-934","1":"product","2":"type-product","3":"status-publish","4":"has-post-thumbnail","6":"product_cat-albumit","7":"product_cat-oheistuotteet","8":"sales-flash-overlay","9":"woocommerce-text-align-center","10":"woocommerce-image-align-center","11":"do-quantity-buttons","13":"first","14":"instock","15":"sold-individually","16":"taxable","17":"shipping-taxable","18":"purchasable","19":"product-type-variable"},"_links":{"self":[{"href":"https:\/\/tickets.ilove8bit.fi\/index.php\/wp-json\/wp\/v2\/product\/934","targetHints":{"allow":["GET"]}}],"collection":[{"href":"https:\/\/tickets.ilove8bit.fi\/index.php\/wp-json\/wp\/v2\/product"}],"about":[{"href":"https:\/\/tickets.ilove8bit.fi\/index.php\/wp-json\/wp\/v2\/types\/product"}],"wp:featuredmedia":[{"embeddable":true,"href":"https:\/\/tickets.ilove8bit.fi\/index.php\/wp-json\/wp\/v2\/media\/935"}],"wp:attachment":[{"href":"https:\/\/tickets.ilove8bit.fi\/index.php\/wp-json\/wp\/v2\/media?parent=934"}],"wp:term":[{"taxonomy":"product_cat","embeddable":true,"href":"https:\/\/tickets.ilove8bit.fi\/index.php\/wp-json\/wp\/v2\/product_cat?post=934"},{"taxonomy":"product_tag","embeddable":true,"href":"https:\/\/tickets.ilove8bit.fi\/index.php\/wp-json\/wp\/v2\/product_tag?post=934"}],"curies":[{"name":"wp","href":"https:\/\/api.w.org\/{rel}","templated":true}]}}