{"id":974,"date":"2025-05-30T20:08:34","date_gmt":"2025-05-30T20:08:34","guid":{"rendered":"https:\/\/tickets.ilove8bit.fi\/?post_type=product&#038;p=974"},"modified":"2025-08-25T22:56:29","modified_gmt":"2025-08-25T22:56:29","slug":"i-love-8-bit-paita","status":"publish","type":"product","link":"https:\/\/tickets.ilove8bit.fi\/index.php\/tuote\/i-love-8-bit-paita\/","title":{"rendered":"I love 8-bit\u00ae T-paita"},"content":{"rendered":"<h4>Vertaansa vailla oleva sukupolvikokemus: kasibittisyys!<\/h4>\n<p>I love 8-bit\u00ae on sukupolvikokemus, jossa on huoletonta tunnetta ja v\u00e4litt\u00f6myytt\u00e4 mukana. Pelaatpa tietokoneilla I love 8-bit\u00ae\u00a0 -n\u00e4yttelyiss\u00e4 tai kulutat fyysisi\u00e4 medioita, I love 8-bit\u00ae\u00a0 -tunne seuraa mukana. Nyt t\u00e4t\u00e4 sukupolvikokemusta p\u00e4\u00e4see tunnustamaan mahtavilla I love 8-bit\u00ae\u00a0 T-paidoilla!<\/p>\n","protected":false},"excerpt":{"rendered":"<p>Kasibittinen-kulttuuri on sukupolvikokemus, josta 1990-luvulla ja sen j\u00e4lkeen syntyneet eiv\u00e4t tied\u00e4 mit\u00e4\u00e4n. Silloin televisiossa oli kaksi kanavaa ja molemmilta kanavilta tuli uutiset samaan aikaan 20.30. V\u00e4ritelevisiot alkoivat yleistym\u00e4\u00e4n ja jollakin oli kuulemma videonauhurikin! Esselten kotivideoboksit ja videokasetit olivat kovalla k\u00e4yt\u00f6ll\u00e4 ja nauhoiteltiin C-kasetille musiikkia radioista. Monesti senkin ilon pilasivat radiojuontajat puhumalla biisien p\u00e4\u00e4lle, mutta se ei pahemmin haitannut! Anttilan Unicef-korvalappustereoilla kun kulki musiikki mukana.<\/p>\n<p><img loading=\"lazy\" decoding=\"async\" class=\"wp-image-747 size-medium aligncenter\" src=\"https:\/\/tickets.ilove8bit.fi\/wp-content\/uploads\/2024\/11\/I-love-8-bit-240x240-1.358x367-300x300.png\" alt=\"\" width=\"300\" height=\"300\" srcset=\"https:\/\/tickets.ilove8bit.fi\/wp-content\/uploads\/2024\/11\/I-love-8-bit-240x240-1.358x367-300x300.png 300w, https:\/\/tickets.ilove8bit.fi\/wp-content\/uploads\/2024\/11\/I-love-8-bit-240x240-1.358x367-150x150.png 150w, https:\/\/tickets.ilove8bit.fi\/wp-content\/uploads\/2024\/11\/I-love-8-bit-240x240-1.358x367-100x100.png 100w, https:\/\/tickets.ilove8bit.fi\/wp-content\/uploads\/2024\/11\/I-love-8-bit-240x240-1.358x367.png 358w\" sizes=\"auto, (max-width: 300px) 100vw, 300px\" \/><\/p>\n<p>I love 8-bit\u00ae edustaa t\u00e4t\u00e4 sukupolvikokemusta. N\u00e4m\u00e4 olivat aikakautensa ilmi\u00f6it\u00e4. Nyky\u00e4\u00e4n vain harvoilla ja valituilla on ollut etuoikeus kokea n\u00e4m\u00e4 aikakautensa hienoudet. Moni asia oli&#8230; jos nyt ei paremmin niin ainakin melkoisen hyvin! Kenenk\u00e4\u00e4n ei tarvinnut muistella k\u00e4ytt\u00e4j\u00e4tunnuksia, salasanoja, p\u00e4ivitt\u00e4\u00e4 lankapuhelimia tai ladata \u00e4ppej\u00e4 saadakseen asioita toimimaan. Jopa Amerikan presidenttin\u00e4 puuhastellut l\u00e4nnenmies <strong>Ronald Reagankin<\/strong> tuntui j\u00e4rkij\u00e4tk\u00e4lt\u00e4 nykyaikaan verrattuna!<\/p>\n<p>I love 8-bit\u00ae -paidan omistaja voi kantaa ylpeydell\u00e4 t\u00e4t\u00e4 sukupolvikokemusta p\u00e4\u00e4ll\u00e4\u00e4n ja v\u00e4litt\u00e4\u00e4 sit\u00e4 mahtavaa tunnetta muillekin eteenp\u00e4in tulevaisuuteen. Se on kuin b\u00e4ndipaita, jossa b\u00e4ndin j\u00e4sen olet sin\u00e4!<\/p>\n<p>Toimitushinta sis\u00e4lt\u00e4\u00e4 postikulut. T-paidan voi ostaa varastotilanteen mukaan my\u00f6s Kallion tietokonemuseolta 21\u20ac kappalehintaan.<\/p>\n","protected":false},"featured_media":962,"template":"","meta":{"_price":"29","_stock":"28","_tribe_ticket_header":"","_tribe_default_ticket_provider":"","_tribe_ticket_capacity":"31","_ticket_start_date":"","_ticket_end_date":"","_tribe_ticket_show_description":"","_tribe_ticket_show_not_going":false,"_tribe_ticket_use_global_stock":"","_tribe_ticket_global_stock_level":"","_global_stock_mode":"","_global_stock_cap":"","_tribe_rsvp_for_event":"","_tribe_ticket_going_count":"","_tribe_ticket_not_going_count":"","_tribe_tickets_list":"[]","_tribe_ticket_has_attendee_info_fields":false},"product_cat":[28,19],"product_tag":[],"class_list":{"0":"post-974","1":"product","2":"type-product","3":"status-publish","4":"has-post-thumbnail","6":"product_cat-kannatustuotteet","7":"product_cat-oheistuotteet","8":"sales-flash-overlay","9":"woocommerce-text-align-center","10":"woocommerce-image-align-center","11":"do-quantity-buttons","12":"wc-has-gallery","14":"first","15":"instock","16":"taxable","17":"shipping-taxable","18":"purchasable","19":"product-type-variable"},"_links":{"self":[{"href":"https:\/\/tickets.ilove8bit.fi\/index.php\/wp-json\/wp\/v2\/product\/974","targetHints":{"allow":["GET"]}}],"collection":[{"href":"https:\/\/tickets.ilove8bit.fi\/index.php\/wp-json\/wp\/v2\/product"}],"about":[{"href":"https:\/\/tickets.ilove8bit.fi\/index.php\/wp-json\/wp\/v2\/types\/product"}],"wp:featuredmedia":[{"embeddable":true,"href":"https:\/\/tickets.ilove8bit.fi\/index.php\/wp-json\/wp\/v2\/media\/962"}],"wp:attachment":[{"href":"https:\/\/tickets.ilove8bit.fi\/index.php\/wp-json\/wp\/v2\/media?parent=974"}],"wp:term":[{"taxonomy":"product_cat","embeddable":true,"href":"https:\/\/tickets.ilove8bit.fi\/index.php\/wp-json\/wp\/v2\/product_cat?post=974"},{"taxonomy":"product_tag","embeddable":true,"href":"https:\/\/tickets.ilove8bit.fi\/index.php\/wp-json\/wp\/v2\/product_tag?post=974"}],"curies":[{"name":"wp","href":"https:\/\/api.w.org\/{rel}","templated":true}]}}